{"id":1134,"date":"2023-09-26T15:27:07","date_gmt":"2023-09-26T15:27:07","guid":{"rendered":"https:\/\/a-dictam.com\/condiciones-generales-de-venta\/"},"modified":"2023-09-27T12:58:02","modified_gmt":"2023-09-27T12:58:02","slug":"condiciones-generales-de-venta","status":"publish","type":"page","link":"https:\/\/a-dictam.com\/es\/condiciones-generales-de-venta\/","title":{"rendered":"Condiciones Generales de Venta"},"content":{"rendered":"<p>[et_pb_section fb_built=&#8221;1&#8243; _builder_version=&#8221;4.22.2&#8243; _module_preset=&#8221;default&#8221; background_enable_image=&#8221;off&#8221; background_size=&#8221;stretch&#8221; background_position=&#8221;top_center&#8221; global_colors_info=&#8221;{}&#8221; global_module=&#8221;1249&#8243; saved_tabs=&#8221;all&#8221;][et_pb_row _builder_version=&#8221;4.22.2&#8243; _module_preset=&#8221;default&#8221; background_color=&#8221;rgba(0,0,0,0.16)&#8221; custom_padding=&#8221;20px|20px|20px|20px|false|false&#8221; border_radii=&#8221;on|12px|12px|12px|12px&#8221; box_shadow_style=&#8221;preset2&#8243; global_colors_info=&#8221;{}&#8221;][et_pb_column type=&#8221;4_4&#8243; _builder_version=&#8221;4.22.2&#8243; _module_preset=&#8221;default&#8221; global_colors_info=&#8221;{}&#8221;][et_pb_text _builder_version=&#8221;4.22.2&#8243; _module_preset=&#8221;default&#8221; custom_padding=&#8221;0px|||||&#8221; global_colors_info=&#8221;{}&#8221;]<\/p>\n<h1 style=\"text-align: center;\"><strong>Condiciones Generales de Venta<\/strong><\/h1>\n<p>&nbsp;<\/p>\n<p>[\/et_pb_text][et_pb_divider color=&#8221;#000000&#8243; divider_weight=&#8221;3px&#8221; disabled_on=&#8221;off|off|off&#8221; _builder_version=&#8221;4.22.2&#8243; background_color_gradient_direction=&#8221;90deg&#8221; max_width=&#8221;100px&#8221; module_alignment=&#8221;center&#8221; height=&#8221;5px&#8221; custom_margin=&#8221;||20px|&#8221; custom_padding=&#8221;||20px|&#8221; animation_style=&#8221;roll&#8221; animation_direction=&#8221;bottom&#8221; locked=&#8221;off&#8221; global_colors_info=&#8221;{}&#8221;][\/et_pb_divider][et_pb_text _builder_version=&#8221;4.22.2&#8243; _module_preset=&#8221;default&#8221; animation_style=&#8221;slide&#8221; animation_direction=&#8221;left&#8221; global_colors_info=&#8221;{}&#8221;]<\/p>\n<p style=\"padding-left: 40px;\"><em>\u00daltima actualizaci\u00f3n: 27\/09\/2023<\/em><\/p>\n<p>&nbsp;<\/p>\n<h2><strong>1. Aceptaci\u00f3n de las Condiciones Generales de Venta<\/strong><\/h2>\n<p style=\"padding-left: 40px;\">Al utilizar los servicios de traducci\u00f3n ofrecidos por <strong>@-DICTAM Traductions<\/strong> (en lo sucesivo, \u00abel Servicio\u00bb), usted acepta plenamente y sin reservas las presentes Condiciones Generales de Venta. Si no acepta estas condiciones, no utilice el Servicio.<\/p>\n<p>[\/et_pb_text][et_pb_text _builder_version=&#8221;4.22.2&#8243; _module_preset=&#8221;default&#8221; custom_padding=&#8221;||0px|||&#8221; animation_style=&#8221;slide&#8221; animation_direction=&#8221;right&#8221; global_colors_info=&#8221;{}&#8221;]<\/p>\n<h2><strong>2. Descripci\u00f3n del Servicio<\/strong><\/h2>\n<p style=\"padding-left: 40px;\">El Servicio de Traducci\u00f3n ofrece la posibilidad de traducir documentos y contenidos escritos de un idioma a otro. Los detalles de los servicios espec\u00edficos, incluidos los precios y los idiomas disponibles, se facilitan en nuestro sitio web o en los documentos de presupuesto personalizados.<\/p>\n<p>[\/et_pb_text][et_pb_text _builder_version=&#8221;4.22.2&#8243; _module_preset=&#8221;default&#8221; custom_padding=&#8221;||0px|||&#8221; animation_style=&#8221;slide&#8221; animation_direction=&#8221;left&#8221; global_colors_info=&#8221;{}&#8221;]<\/p>\n<h2><strong>3. Pedidos y Precios<\/strong><\/h2>\n<p style=\"padding-left: 40px;\"><strong>3.1. Solicitud de Presupuesto:<\/strong> Antes de realizar un pedido, deber\u00e1 presentar una solicitud de presupuesto al Servicio. El presupuesto especificar\u00e1 el coste estimado, el plazo de entrega y las condiciones de pago.<\/p>\n<p style=\"padding-left: 40px;\"><strong>3.2. Validaci\u00f3n del Pedido:<\/strong> Una vez que haya aceptado el presupuesto y facilitado la informaci\u00f3n necesaria, se validar\u00e1 su pedido. Los detalles del pedido se confirmar\u00e1n por escrito.<\/p>\n<p style=\"padding-left: 40px;\"><strong>3.3. Pago:<\/strong> Los pagos se efectuar\u00e1n de conformidad con las condiciones acordadas en el presupuesto. Las tarifas pueden variar en funci\u00f3n de la complejidad de la traducci\u00f3n, la lengua de destino y el plazo de entrega.<\/p>\n<p>[\/et_pb_text][et_pb_text _builder_version=&#8221;4.22.2&#8243; _module_preset=&#8221;default&#8221; custom_padding=&#8221;||0px|||&#8221; animation_style=&#8221;slide&#8221; animation_direction=&#8221;right&#8221; global_colors_info=&#8221;{}&#8221;]<\/p>\n<h2><strong>4. Plazos de Entrega<\/strong><\/h2>\n<p style=\"padding-left: 40px;\">Los plazos de entrega se acordar\u00e1n en el momento de realizar el pedido y se indicar\u00e1n en el presupuesto. El Servicio se esforzar\u00e1 por cumplir estos plazos, pero no puede garantizar su exactitud debido a la naturaleza variable del trabajo de traducci\u00f3n.<\/p>\n<p>[\/et_pb_text][et_pb_text _builder_version=&#8221;4.22.2&#8243; _module_preset=&#8221;default&#8221; custom_padding=&#8221;||0px|||&#8221; animation_style=&#8221;slide&#8221; animation_direction=&#8221;left&#8221; global_colors_info=&#8221;{}&#8221;]<\/p>\n<h2><strong>5. Calidad y Revisiones<\/strong><\/h2>\n<p style=\"padding-left: 40px;\"><strong>5.1. Calidad de la Traducci\u00f3n:<\/strong> el Servicio se compromete a proporcionar traducciones de alta calidad. Sin embargo, pueden producirse errores menores, y es responsabilidad del cliente informar de estos errores en un plazo razonable tras la entrega.<\/p>\n<p style=\"padding-left: 40px;\"><strong>5.2. Revisiones:<\/strong> Los clientes tienen derecho a un n\u00famero de revisiones gratuitas para corregir errores o inexactitudes. El n\u00famero de revisiones permitidas depender\u00e1 de la complejidad de la traducci\u00f3n.<\/p>\n<p>[\/et_pb_text][et_pb_text _builder_version=&#8221;4.22.2&#8243; _module_preset=&#8221;default&#8221; custom_padding=&#8221;||0px|||&#8221; animation_style=&#8221;slide&#8221; animation_direction=&#8221;right&#8221; global_colors_info=&#8221;{}&#8221;]<\/p>\n<h2><strong>6. Confidencialidad<\/strong><\/h2>\n<p style=\"padding-left: 40px;\">El Servicio se compromete a tratar de forma estrictamente confidencial los documentos y la informaci\u00f3n facilitados por el cliente. No se divulgar\u00e1 informaci\u00f3n ni documentos a terceros sin el consentimiento por escrito del cliente.<\/p>\n<p>[\/et_pb_text][et_pb_text _builder_version=&#8221;4.22.2&#8243; _module_preset=&#8221;default&#8221; custom_padding=&#8221;||0px|||&#8221; animation_style=&#8221;slide&#8221; animation_direction=&#8221;left&#8221; global_colors_info=&#8221;{}&#8221;]<\/p>\n<h2><strong>7. Responsabilidad<\/strong><\/h2>\n<p style=\"padding-left: 40px;\">El Servicio no se hace responsable de los da\u00f1os indirectos o consecuentes derivados del uso de sus servicios. La responsabilidad total del Servicio se limita al importe abonado por el cliente por los servicios de traducci\u00f3n.<\/p>\n<p>[\/et_pb_text][et_pb_text _builder_version=&#8221;4.22.2&#8243; _module_preset=&#8221;default&#8221; custom_padding=&#8221;||0px|||&#8221; animation_style=&#8221;slide&#8221; animation_direction=&#8221;right&#8221; global_colors_info=&#8221;{}&#8221;]<\/p>\n<h2><strong>8. Ley Aplicable y Resoluci\u00f3n de Litigios<\/strong><\/h2>\n<p style=\"padding-left: 40px;\">Las presentes Condiciones Generales de Venta se rigen por la legislaci\u00f3n espa\u00f1ola y cualquier controversia se someter\u00e1 a la jurisdicci\u00f3n exclusiva de los tribunales de la ciudad de Valencia, en Espa\u00f1a.<\/p>\n<p>[\/et_pb_text][et_pb_text _builder_version=&#8221;4.22.2&#8243; _module_preset=&#8221;default&#8221; custom_padding=&#8221;||0px|||&#8221; animation_style=&#8221;slide&#8221; animation_direction=&#8221;left&#8221; global_colors_info=&#8221;{}&#8221;]<\/p>\n<h2><strong>9. Contacto<\/strong><\/h2>\n<p style=\"padding-left: 40px;\">Si tiene alguna pregunta o necesita informaci\u00f3n, p\u00f3ngase en contacto con nosotros en: <a href=\"mailto:informa@a-dictam.com\">informa@a-dictam.com<\/a>.<\/p>\n<p>[\/et_pb_text][et_pb_text _builder_version=&#8221;4.22.2&#8243; _module_preset=&#8221;default&#8221; custom_padding=&#8221;||0px|||&#8221; animation_style=&#8221;slide&#8221; animation_direction=&#8221;bottom&#8221; global_colors_info=&#8221;{}&#8221;]<\/p>\n<p style=\"padding-left: 40px;\">Al utilizar el Servicio, usted acepta estas Condiciones Generales de Venta. Es importante leerlas atentamente y conservarlas para futuras consultas. El Servicio se reserva el derecho de actualizar estas condiciones en cualquier momento, y los cambios se publicar\u00e1n en nuestro sitio web con un aviso de actualizaci\u00f3n.<\/p>\n<p>[\/et_pb_text][\/et_pb_column][\/et_pb_row][\/et_pb_section][et_pb_section fb_built=&#8221;1&#8243; admin_label=&#8221;Footer&#8221; module_id=&#8221;CGV&#8221; _builder_version=&#8221;4.21.0&#8243; background_color=&#8221;rgba(0,0,0,0.85)&#8221; background_enable_image=&#8221;off&#8221; parallax=&#8221;on&#8221; custom_margin=&#8221;||||false|false&#8221; custom_padding=&#8221;0px||0px||false|false&#8221; global_module=&#8221;1106&#8243; saved_tabs=&#8221;all&#8221; global_colors_info=&#8221;{}&#8221;][et_pb_row column_structure=&#8221;1_3,1_3,1_3&#8243; _builder_version=&#8221;4.22.2&#8243; _module_preset=&#8221;default&#8221; width=&#8221;54%&#8221; module_alignment=&#8221;center&#8221; custom_margin=&#8221;||||false|false&#8221; custom_padding=&#8221;||||true|false&#8221; global_colors_info=&#8221;{}&#8221;][et_pb_column type=&#8221;1_3&#8243; _builder_version=&#8221;4.21.0&#8243; _module_preset=&#8221;default&#8221; global_colors_info=&#8221;{}&#8221;][et_pb_text admin_label=&#8221;CGV&#8221; _builder_version=&#8221;4.22.2&#8243; _module_preset=&#8221;default&#8221; transform_scale=&#8221;84%|84%&#8221; transform_scale_tablet=&#8221;84%|84%&#8221; transform_scale_phone=&#8221;84%|84%&#8221; transform_scale_last_edited=&#8221;on|desktop&#8221; transform_translate_tablet=&#8221;&#8221; transform_translate_phone=&#8221;&#8221; transform_translate_last_edited=&#8221;on|desktop&#8221; transform_rotate_tablet=&#8221;&#8221; transform_rotate_phone=&#8221;&#8221; transform_rotate_last_edited=&#8221;on|desktop&#8221; transform_skew_tablet=&#8221;&#8221; transform_skew_phone=&#8221;&#8221; transform_skew_last_edited=&#8221;on|desktop&#8221; transform_origin_tablet=&#8221;&#8221; transform_origin_phone=&#8221;&#8221; transform_origin_last_edited=&#8221;on|desktop&#8221; transform_styles_last_edited=&#8221;on|desktop&#8221; custom_padding=&#8221;||0px||false|false&#8221; transform_styles_tablet=&#8221;&#8221; transform_styles_phone=&#8221;&#8221; global_colors_info=&#8221;{}&#8221; transform_styles__hover_enabled=&#8221;on|hover&#8221; transform_scale__hover_enabled=&#8221;on|hover&#8221; transform_translate__hover_enabled=&#8221;on|desktop&#8221; transform_rotate__hover_enabled=&#8221;on|desktop&#8221; transform_skew__hover_enabled=&#8221;on|desktop&#8221; transform_origin__hover_enabled=&#8221;on|desktop&#8221; transform_scale__hover=&#8221;100%|100%&#8221;]<\/p>\n<p style=\"text-align: center;\"><a href=\"https:\/\/a-dictam.com\/es\/condiciones-generales-de-venta\/\"><span style=\"color: #999999;\">Condiciones Generales de Venta<\/span><\/a><\/p>\n<p>[\/et_pb_text][\/et_pb_column][et_pb_column type=&#8221;1_3&#8243; _builder_version=&#8221;4.21.0&#8243; _module_preset=&#8221;default&#8221; global_colors_info=&#8221;{}&#8221;][et_pb_text admin_label=&#8221;Confidentialit\u00e9&#8221; _builder_version=&#8221;4.22.2&#8243; _module_preset=&#8221;default&#8221; transform_scale=&#8221;84%|84%&#8221; transform_scale_tablet=&#8221;84%|84%&#8221; transform_scale_phone=&#8221;84%|84%&#8221; transform_scale_last_edited=&#8221;on|desktop&#8221; transform_translate_tablet=&#8221;&#8221; transform_translate_phone=&#8221;&#8221; transform_translate_last_edited=&#8221;on|desktop&#8221; transform_rotate_tablet=&#8221;&#8221; transform_rotate_phone=&#8221;&#8221; transform_rotate_last_edited=&#8221;on|desktop&#8221; transform_skew_tablet=&#8221;&#8221; transform_skew_phone=&#8221;&#8221; transform_skew_last_edited=&#8221;on|desktop&#8221; transform_origin_tablet=&#8221;&#8221; transform_origin_phone=&#8221;&#8221; transform_origin_last_edited=&#8221;on|desktop&#8221; transform_styles_last_edited=&#8221;on|desktop&#8221; custom_padding=&#8221;||0px|||&#8221; transform_styles_tablet=&#8221;&#8221; transform_styles_phone=&#8221;&#8221; global_colors_info=&#8221;{}&#8221; transform_styles__hover_enabled=&#8221;on|hover&#8221; transform_translate__hover_enabled=&#8221;on|desktop&#8221; transform_rotate__hover_enabled=&#8221;on|desktop&#8221; transform_skew__hover_enabled=&#8221;on|desktop&#8221; transform_origin__hover_enabled=&#8221;on|desktop&#8221; transform_scale__hover=&#8221;100%|100%&#8221; transform_scale__hover_enabled=&#8221;on|hover&#8221;]<\/p>\n<p style=\"text-align: center;\"><a href=\"https:\/\/a-dictam.com\/es\/politica-de-privacidad\/\"><span style=\"color: #999999;\">Pol\u00edtica de Privacidad<\/span><\/a><\/p>\n<p>[\/et_pb_text][\/et_pb_column][et_pb_column type=&#8221;1_3&#8243; _builder_version=&#8221;4.21.0&#8243; _module_preset=&#8221;default&#8221; global_colors_info=&#8221;{}&#8221;][et_pb_text admin_label=&#8221;Cookies&#8221; _builder_version=&#8221;4.22.2&#8243; _module_preset=&#8221;default&#8221; transform_scale=&#8221;84%|84%&#8221; transform_scale_tablet=&#8221;84%|84%&#8221; transform_scale_phone=&#8221;84%|84%&#8221; transform_scale_last_edited=&#8221;on|desktop&#8221; transform_translate_tablet=&#8221;&#8221; transform_translate_phone=&#8221;&#8221; transform_translate_last_edited=&#8221;on|desktop&#8221; transform_rotate_tablet=&#8221;&#8221; transform_rotate_phone=&#8221;&#8221; transform_rotate_last_edited=&#8221;on|desktop&#8221; transform_skew_tablet=&#8221;&#8221; transform_skew_phone=&#8221;&#8221; transform_skew_last_edited=&#8221;on|desktop&#8221; transform_origin_tablet=&#8221;&#8221; transform_origin_phone=&#8221;&#8221; transform_origin_last_edited=&#8221;on|desktop&#8221; transform_styles_last_edited=&#8221;on|desktop&#8221; custom_padding=&#8221;||0px|||&#8221; transform_styles_tablet=&#8221;&#8221; transform_styles_phone=&#8221;&#8221; global_colors_info=&#8221;{}&#8221; transform_styles__hover_enabled=&#8221;on|hover&#8221; transform_translate__hover_enabled=&#8221;on|desktop&#8221; transform_rotate__hover_enabled=&#8221;on|desktop&#8221; transform_skew__hover_enabled=&#8221;on|desktop&#8221; transform_origin__hover_enabled=&#8221;on|desktop&#8221; transform_scale__hover=&#8221;100%|100%&#8221; transform_scale__hover_enabled=&#8221;on|hover&#8221;]<\/p>\n<p style=\"text-align: center;\"><a href=\"https:\/\/a-dictam.com\/es\/politica-de-cookies\/\"><span style=\"color: #999999;\">Pol\u00edtica de Cookies<\/span><\/a><\/p>\n<p>[\/et_pb_text][\/et_pb_column][\/et_pb_row][\/et_pb_section]<\/p>\n","protected":false},"excerpt":{"rendered":"<p>Condiciones Generales de Venta &nbsp;\u00daltima actualizaci\u00f3n: 27\/09\/2023 &nbsp; 1. Aceptaci\u00f3n de las Condiciones Generales de Venta Al utilizar los servicios de traducci\u00f3n ofrecidos por @-DICTAM Traductions (en lo sucesivo, \u00abel Servicio\u00bb), usted acepta plenamente y sin reservas las presentes Condiciones Generales de Venta. Si no acepta estas condiciones, no utilice el Servicio.2. Descripci\u00f3n del Servicio [&hellip;]<\/p>\n","protected":false},"author":1,"featured_media":0,"parent":0,"menu_order":0,"comment_status":"closed","ping_status":"closed","template":"","meta":{"_et_pb_use_builder":"on","_et_pb_old_content":"","_et_gb_content_width":"","footnotes":""},"class_list":["post-1134","page","type-page","status-publish","hentry"],"yoast_head":"<!-- This site is optimized with the Yoast SEO plugin v27.4 - https:\/\/yoast.com\/product\/yoast-seo-wordpress\/ -->\n<title>Condiciones Generales de Venta | @-DICTAM Traducciones<\/title>\n<meta name=\"description\" content=\"Traducciones profesionales especializadas del franc\u00e9s y del ingl\u00e9s al espa\u00f1ol. Consulte nuestras Condiciones Generales de Venta.\" \/>\n<meta name=\"robots\" content=\"noindex, nofollow\" \/>\n<script type=\"application\/ld+json\" class=\"yoast-schema-graph\">{\"@context\":\"https:\\\/\\\/schema.org\",\"@graph\":[{\"@type\":\"WebPage\",\"@id\":\"https:\\\/\\\/a-dictam.com\\\/es\\\/condiciones-generales-de-venta\\\/\",\"url\":\"https:\\\/\\\/a-dictam.com\\\/es\\\/condiciones-generales-de-venta\\\/\",\"name\":\"Condiciones Generales de Venta | @-DICTAM Traducciones\",\"isPartOf\":{\"@id\":\"https:\\\/\\\/a-dictam.com\\\/es\\\/#website\"},\"datePublished\":\"2023-09-26T15:27:07+00:00\",\"dateModified\":\"2023-09-27T12:58:02+00:00\",\"description\":\"Traducciones profesionales especializadas del franc\u00e9s y del ingl\u00e9s al espa\u00f1ol. Consulte nuestras Condiciones Generales de Venta.\",\"breadcrumb\":{\"@id\":\"https:\\\/\\\/a-dictam.com\\\/es\\\/condiciones-generales-de-venta\\\/#breadcrumb\"},\"inLanguage\":\"es-ES\",\"potentialAction\":[{\"@type\":\"ReadAction\",\"target\":[\"https:\\\/\\\/a-dictam.com\\\/es\\\/condiciones-generales-de-venta\\\/\"]}]},{\"@type\":\"BreadcrumbList\",\"@id\":\"https:\\\/\\\/a-dictam.com\\\/es\\\/condiciones-generales-de-venta\\\/#breadcrumb\",\"itemListElement\":[{\"@type\":\"ListItem\",\"position\":1,\"name\":\"Accueil\",\"item\":\"https:\\\/\\\/a-dictam.com\\\/es\\\/\"},{\"@type\":\"ListItem\",\"position\":2,\"name\":\"Condiciones Generales de Venta\"}]},{\"@type\":\"WebSite\",\"@id\":\"https:\\\/\\\/a-dictam.com\\\/es\\\/#website\",\"url\":\"https:\\\/\\\/a-dictam.com\\\/es\\\/\",\"name\":\"@-DICTAM Traductions sp\u00e9cialis\u00e9es en espagnol\",\"description\":\"Traductores aut\u00f3nomos especializados en traducci\u00f3n al espa\u00f1ol\",\"publisher\":{\"@id\":\"https:\\\/\\\/a-dictam.com\\\/es\\\/#organization\"},\"alternateName\":\"@-DICTAM Traductions\",\"potentialAction\":[{\"@type\":\"SearchAction\",\"target\":{\"@type\":\"EntryPoint\",\"urlTemplate\":\"https:\\\/\\\/a-dictam.com\\\/es\\\/?s={search_term_string}\"},\"query-input\":{\"@type\":\"PropertyValueSpecification\",\"valueRequired\":true,\"valueName\":\"search_term_string\"}}],\"inLanguage\":\"es-ES\"},{\"@type\":\"Organization\",\"@id\":\"https:\\\/\\\/a-dictam.com\\\/es\\\/#organization\",\"name\":\"@-DICTAM Traductions sp\u00e9cialis\u00e9es en espagnol\",\"alternateName\":\"@-DICTAM Traductions\",\"url\":\"https:\\\/\\\/a-dictam.com\\\/es\\\/\",\"logo\":{\"@type\":\"ImageObject\",\"inLanguage\":\"es-ES\",\"@id\":\"https:\\\/\\\/a-dictam.com\\\/es\\\/#\\\/schema\\\/logo\\\/image\\\/\",\"url\":\"https:\\\/\\\/a-dictam.com\\\/wp-content\\\/uploads\\\/2023\\\/07\\\/favicon2-e1690809628701.png\",\"contentUrl\":\"https:\\\/\\\/a-dictam.com\\\/wp-content\\\/uploads\\\/2023\\\/07\\\/favicon2-e1690809628701.png\",\"width\":400,\"height\":400,\"caption\":\"@-DICTAM Traductions sp\u00e9cialis\u00e9es en espagnol\"},\"image\":{\"@id\":\"https:\\\/\\\/a-dictam.com\\\/es\\\/#\\\/schema\\\/logo\\\/image\\\/\"}}]}<\/script>\n<!-- \/ Yoast SEO plugin. -->","yoast_head_json":{"title":"Condiciones Generales de Venta | @-DICTAM Traducciones","description":"Traducciones profesionales especializadas del franc\u00e9s y del ingl\u00e9s al espa\u00f1ol. Consulte nuestras Condiciones Generales de Venta.","robots":{"index":"noindex","follow":"nofollow"},"schema":{"@context":"https:\/\/schema.org","@graph":[{"@type":"WebPage","@id":"https:\/\/a-dictam.com\/es\/condiciones-generales-de-venta\/","url":"https:\/\/a-dictam.com\/es\/condiciones-generales-de-venta\/","name":"Condiciones Generales de Venta | @-DICTAM Traducciones","isPartOf":{"@id":"https:\/\/a-dictam.com\/es\/#website"},"datePublished":"2023-09-26T15:27:07+00:00","dateModified":"2023-09-27T12:58:02+00:00","description":"Traducciones profesionales especializadas del franc\u00e9s y del ingl\u00e9s al espa\u00f1ol. Consulte nuestras Condiciones Generales de Venta.","breadcrumb":{"@id":"https:\/\/a-dictam.com\/es\/condiciones-generales-de-venta\/#breadcrumb"},"inLanguage":"es-ES","potentialAction":[{"@type":"ReadAction","target":["https:\/\/a-dictam.com\/es\/condiciones-generales-de-venta\/"]}]},{"@type":"BreadcrumbList","@id":"https:\/\/a-dictam.com\/es\/condiciones-generales-de-venta\/#breadcrumb","itemListElement":[{"@type":"ListItem","position":1,"name":"Accueil","item":"https:\/\/a-dictam.com\/es\/"},{"@type":"ListItem","position":2,"name":"Condiciones Generales de Venta"}]},{"@type":"WebSite","@id":"https:\/\/a-dictam.com\/es\/#website","url":"https:\/\/a-dictam.com\/es\/","name":"@-DICTAM Traductions sp\u00e9cialis\u00e9es en espagnol","description":"Traductores aut\u00f3nomos especializados en traducci\u00f3n al espa\u00f1ol","publisher":{"@id":"https:\/\/a-dictam.com\/es\/#organization"},"alternateName":"@-DICTAM Traductions","potentialAction":[{"@type":"SearchAction","target":{"@type":"EntryPoint","urlTemplate":"https:\/\/a-dictam.com\/es\/?s={search_term_string}"},"query-input":{"@type":"PropertyValueSpecification","valueRequired":true,"valueName":"search_term_string"}}],"inLanguage":"es-ES"},{"@type":"Organization","@id":"https:\/\/a-dictam.com\/es\/#organization","name":"@-DICTAM Traductions sp\u00e9cialis\u00e9es en espagnol","alternateName":"@-DICTAM Traductions","url":"https:\/\/a-dictam.com\/es\/","logo":{"@type":"ImageObject","inLanguage":"es-ES","@id":"https:\/\/a-dictam.com\/es\/#\/schema\/logo\/image\/","url":"https:\/\/a-dictam.com\/wp-content\/uploads\/2023\/07\/favicon2-e1690809628701.png","contentUrl":"https:\/\/a-dictam.com\/wp-content\/uploads\/2023\/07\/favicon2-e1690809628701.png","width":400,"height":400,"caption":"@-DICTAM Traductions sp\u00e9cialis\u00e9es en espagnol"},"image":{"@id":"https:\/\/a-dictam.com\/es\/#\/schema\/logo\/image\/"}}]}},"_links":{"self":[{"href":"https:\/\/a-dictam.com\/es\/wp-json\/wp\/v2\/pages\/1134","targetHints":{"allow":["GET"]}}],"collection":[{"href":"https:\/\/a-dictam.com\/es\/wp-json\/wp\/v2\/pages"}],"about":[{"href":"https:\/\/a-dictam.com\/es\/wp-json\/wp\/v2\/types\/page"}],"author":[{"embeddable":true,"href":"https:\/\/a-dictam.com\/es\/wp-json\/wp\/v2\/users\/1"}],"replies":[{"embeddable":true,"href":"https:\/\/a-dictam.com\/es\/wp-json\/wp\/v2\/comments?post=1134"}],"version-history":[{"count":16,"href":"https:\/\/a-dictam.com\/es\/wp-json\/wp\/v2\/pages\/1134\/revisions"}],"predecessor-version":[{"id":1252,"href":"https:\/\/a-dictam.com\/es\/wp-json\/wp\/v2\/pages\/1134\/revisions\/1252"}],"wp:attachment":[{"href":"https:\/\/a-dictam.com\/es\/wp-json\/wp\/v2\/media?parent=1134"}],"curies":[{"name":"wp","href":"https:\/\/api.w.org\/{rel}","templated":true}]}}