{"id":1050,"date":"2023-09-26T11:49:31","date_gmt":"2023-09-26T11:49:31","guid":{"rendered":"https:\/\/a-dictam.com\/politica-de-privacidad\/"},"modified":"2023-09-27T12:50:33","modified_gmt":"2023-09-27T12:50:33","slug":"politica-de-privacidad","status":"publish","type":"page","link":"https:\/\/a-dictam.com\/es\/politica-de-privacidad\/","title":{"rendered":"Pol\u00edtica de Privacidad"},"content":{"rendered":"<p>[et_pb_section fb_built=&#8221;1&#8243; _builder_version=&#8221;4.22.2&#8243; _module_preset=&#8221;default&#8221; global_colors_info=&#8221;{}&#8221;][et_pb_row _builder_version=&#8221;4.22.2&#8243; _module_preset=&#8221;default&#8221; background_color=&#8221;rgba(0,0,0,0.16)&#8221; custom_padding=&#8221;20px|20px|20px|20px|false|false&#8221; border_radii=&#8221;on|12px|12px|12px|12px&#8221; box_shadow_style=&#8221;preset2&#8243; global_colors_info=&#8221;{}&#8221; global_module=&#8221;1242&#8243; saved_tabs=&#8221;all&#8221;][et_pb_column type=&#8221;4_4&#8243; _builder_version=&#8221;4.22.2&#8243; _module_preset=&#8221;default&#8221; global_colors_info=&#8221;{}&#8221;][et_pb_text _builder_version=&#8221;4.22.2&#8243; _module_preset=&#8221;default&#8221; custom_padding=&#8221;0px|||||&#8221; global_colors_info=&#8221;{}&#8221;]<\/p>\n<h1 style=\"text-align: center;\"><strong>Pol\u00edtica de Privacidad<\/strong><\/h1>\n<p>&nbsp;<\/p>\n<p>[\/et_pb_text][et_pb_divider color=&#8221;#000000&#8243; divider_weight=&#8221;3px&#8221; disabled_on=&#8221;off|off|off&#8221; _builder_version=&#8221;4.22.2&#8243; background_color_gradient_direction=&#8221;90deg&#8221; max_width=&#8221;100px&#8221; module_alignment=&#8221;center&#8221; height=&#8221;5px&#8221; custom_margin=&#8221;||20px|&#8221; custom_padding=&#8221;||20px|&#8221; animation_style=&#8221;roll&#8221; animation_direction=&#8221;bottom&#8221; locked=&#8221;off&#8221; global_colors_info=&#8221;{}&#8221;][\/et_pb_divider][et_pb_text _builder_version=&#8221;4.22.2&#8243; _module_preset=&#8221;default&#8221; custom_padding=&#8221;0px|||||&#8221; animation_style=&#8221;slide&#8221; animation_direction=&#8221;left&#8221; global_colors_info=&#8221;{}&#8221;]<\/p>\n<p style=\"padding-left: 40px;\"><em>\u00daltima actualizaci\u00f3n: 27\/09\/2023<\/em><\/p>\n<p>&nbsp;<\/p>\n<h2><strong>1. Introducci\u00f3n<\/strong><\/h2>\n<p style=\"padding-left: 40px;\">Bienvenido a <strong>@-DICTAM Traducciones<\/strong> (en lo sucesivo, \u00abel Servicio\u00bb). La confidencialidad de nuestros usuarios es una prioridad absoluta para nosotros. Esta Pol\u00edtica de Privacidad explica c\u00f3mo recogemos, utilizamos y protegemos su informaci\u00f3n personal cuando utiliza nuestro Servicio.<\/p>\n<p>[\/et_pb_text][et_pb_text _builder_version=&#8221;4.22.2&#8243; _module_preset=&#8221;default&#8221; custom_padding=&#8221;||0px|||&#8221; animation_style=&#8221;slide&#8221; animation_direction=&#8221;right&#8221; global_colors_info=&#8221;{}&#8221;]<\/p>\n<h2><strong>2. Informaci\u00f3n que recopilamos<\/strong><\/h2>\n<p style=\"padding-left: 40px;\">Podemos recopilar los siguientes tipos de informaci\u00f3n cuando usted utiliza nuestro Servicio:<\/p>\n<p style=\"padding-left: 40px;\"><strong>2.1. Informaci\u00f3n de registro:<\/strong> Al crear una cuenta, podemos recopilar informaci\u00f3n como su nombre, direcci\u00f3n de correo electr\u00f3nico, n\u00famero de tel\u00e9fono y otros datos identificativos similares.<\/p>\n<p style=\"padding-left: 40px;\"><strong>2.2. Contenido de la traducci\u00f3n:<\/strong> Cuando env\u00eda contenido para su traducci\u00f3n a trav\u00e9s de nuestro Servicio, podemos recopilar y almacenar este contenido, as\u00ed como las traducciones generadas.<\/p>\n<p style=\"padding-left: 40px;\"><strong>2.3. Informaci\u00f3n de uso:<\/strong> Podemos recopilar informaci\u00f3n sobre c\u00f3mo utiliza nuestro Servicio, incluidos los idiomas seleccionados, las traducciones realizadas, los errores encontrados y las preferencias de traducci\u00f3n.<\/p>\n<p style=\"padding-left: 40px;\"><strong>2.4. Informaci\u00f3n de geolocalizaci\u00f3n:<\/strong> Si autoriza el acceso a la geolocalizaci\u00f3n, podemos recopilar informaci\u00f3n sobre su ubicaci\u00f3n geogr\u00e1fica para mejorar la precisi\u00f3n de las traducciones.<\/p>\n<p>[\/et_pb_text][et_pb_text _builder_version=&#8221;4.22.2&#8243; _module_preset=&#8221;default&#8221; custom_padding=&#8221;||0px|||&#8221; animation_style=&#8221;slide&#8221; animation_direction=&#8221;left&#8221; global_colors_info=&#8221;{}&#8221;]<\/p>\n<h2><strong>3. C\u00f3mo utilizamos su informaci\u00f3n<\/strong><\/h2>\n<p style=\"padding-left: 40px;\">Utilizamos su informaci\u00f3n personal principalmente para los siguientes fines:<\/p>\n<p style=\"padding-left: 40px;\"><strong>3.1 Prestaci\u00f3n del Servicio:<\/strong> Utilizamos sus datos para traducir los contenidos que nos env\u00eda y proporcionarle traducciones pertinentes.<\/p>\n<p style=\"padding-left: 40px;\"><strong>3.2 Mejora del Servicio:<\/strong> Utilizamos la Informaci\u00f3n de uso para analizar y mejorar constantemente nuestro Servicio, incluso la calidad de las traducciones y la experiencia del usuario.<\/p>\n<p style=\"padding-left: 40px;\"><strong>3.3 Comunicaci\u00f3n:<\/strong> Podemos utilizar su informaci\u00f3n de contacto para enviarle notificaciones sobre su cuenta, actualizaciones del Servicio o informaci\u00f3n importante.<\/p>\n<p style=\"padding-left: 40px;\"><strong>3.4 Seguridad:<\/strong> Tomamos medidas de seguridad para proteger su informaci\u00f3n personal contra el acceso o la divulgaci\u00f3n no autorizados.<\/p>\n<p>[\/et_pb_text][et_pb_text _builder_version=&#8221;4.22.2&#8243; _module_preset=&#8221;default&#8221; custom_padding=&#8221;||0px|||&#8221; animation_style=&#8221;slide&#8221; animation_direction=&#8221;right&#8221; global_colors_info=&#8221;{}&#8221;]<\/p>\n<h2><strong>4. Compartir la informaci\u00f3n<\/strong><\/h2>\n<p style=\"padding-left: 40px;\">No vendemos, alquilamos ni compartimos su informaci\u00f3n personal con terceros, salvo en los siguientes casos:<\/p>\n<p style=\"padding-left: 40px;\"><strong>4.1. Proveedores de servicios:<\/strong> Podemos compartir su informaci\u00f3n con proveedores de servicios de terceros que nos ayudan a prestar el Servicio y proporcionar funcionalidad relacionada.<\/p>\n<p style=\"padding-left: 40px;\"><strong>4.2. Cumplimiento legal:<\/strong> Podemos revelar su informaci\u00f3n si as\u00ed lo exige la ley o en respuesta a requerimientos legales, como citaciones u \u00f3rdenes judiciales.<\/p>\n<p>[\/et_pb_text][et_pb_text _builder_version=&#8221;4.22.2&#8243; _module_preset=&#8221;default&#8221; custom_padding=&#8221;||0px|||&#8221; animation_style=&#8221;slide&#8221; animation_direction=&#8221;left&#8221; global_colors_info=&#8221;{}&#8221;]<\/p>\n<h2><strong>5. Sus derechos y opciones<\/strong><\/h2>\n<p style=\"padding-left: 40px;\">Tiene derecho a:<\/p>\n<p style=\"padding-left: 40px;\"><strong>5.1. Acceder a su informaci\u00f3n:<\/strong> Puede solicitar acceso a su informaci\u00f3n personal que tenemos en nuestro poder.<\/p>\n<p style=\"padding-left: 40px;\"><strong>5.2. Actualizar de su informaci\u00f3n:<\/strong> Puede actualizar o corregir su informaci\u00f3n personal en cualquier momento accediendo a su cuenta.<\/p>\n<p style=\"padding-left: 40px;\"><strong>5.3. Eliminar su informaci\u00f3n:<\/strong> Puede solicitar la eliminaci\u00f3n de su informaci\u00f3n personal, en cumplimiento con nuestras obligaciones legales de conservaci\u00f3n.<\/p>\n<p>[\/et_pb_text][et_pb_text _builder_version=&#8221;4.22.2&#8243; _module_preset=&#8221;default&#8221; custom_padding=&#8221;||0px|||&#8221; animation_style=&#8221;slide&#8221; animation_direction=&#8221;right&#8221; hover_enabled=&#8221;0&#8243; global_colors_info=&#8221;{}&#8221; sticky_enabled=&#8221;0&#8243;]<\/p>\n<h2><strong>6. Seguridad de la informaci\u00f3n<\/strong><\/h2>\n<p style=\"margin: 0cm 0cm 0.0001pt; vertical-align: baseline; padding-left: 40px;\"><span style=\"font-size: 10.5pt; font-family: 'Arial',sans-serif; color: #666666;\">Tomamos las medidas de seguridad adecuadas para proteger sus datos personales contra el acceso, la divulgaci\u00f3n, la alteraci\u00f3n o la destrucci\u00f3n no autorizados.<o:p><\/o:p><\/span><\/p>\n<p>[\/et_pb_text][et_pb_text _builder_version=&#8221;4.22.2&#8243; _module_preset=&#8221;default&#8221; custom_padding=&#8221;||0px|||&#8221; animation_style=&#8221;slide&#8221; animation_direction=&#8221;left&#8221; global_colors_info=&#8221;{}&#8221;]<\/p>\n<h2><strong>7. Cambios en la Pol\u00edtica de Privacidad<\/strong><\/h2>\n<p style=\"margin: 0cm 0cm 0.0001pt; vertical-align: baseline; padding-left: 40px;\"><span style=\"font-size: 10.5pt; font-family: 'Arial',sans-serif; color: #666666;\">Nos reservamos el derecho de actualizar esta Pol\u00edtica de Privacidad en cualquier momento. Los cambios se publicar\u00e1n en esta p\u00e1gina, y la fecha de la \u00faltima actualizaci\u00f3n se indicar\u00e1 en la parte superior de la pol\u00edtica.<o:p><\/o:p><\/span><\/p>\n<p>[\/et_pb_text][et_pb_text _builder_version=&#8221;4.22.2&#8243; _module_preset=&#8221;default&#8221; custom_padding=&#8221;||0px|||&#8221; animation_style=&#8221;slide&#8221; animation_direction=&#8221;right&#8221; global_colors_info=&#8221;{}&#8221;]<\/p>\n<h2><strong>8. Contacto<\/strong><\/h2>\n<p style=\"padding-left: 40px;\">Si tiene alguna pregunta o duda sobre esta Pol\u00edtica de Privacidad, puede ponerse en contacto con nosotros en <a href=\"mailto:informa@a-dictam.com\">informa@a-dictam.com<\/a>.<\/p>\n<p>[\/et_pb_text][et_pb_text _builder_version=&#8221;4.22.2&#8243; _module_preset=&#8221;default&#8221; custom_padding=&#8221;||0px|||&#8221; animation_style=&#8221;slide&#8221; animation_direction=&#8221;bottom&#8221; global_colors_info=&#8221;{}&#8221;]<\/p>\n<p style=\"margin: 0cm 0cm 0.0001pt; vertical-align: baseline; padding-left: 40px;\"><span style=\"font-size: 10.5pt; font-family: 'Arial',sans-serif; color: #666666;\">Le recomendamos que lea atentamente esta Pol\u00edtica de Privacidad y que la consulte con regularidad para mantenerse informado sobre c\u00f3mo utilizamos y protegemos su informaci\u00f3n personal.<o:p><\/o:p><\/span><\/p>\n<p>[\/et_pb_text][\/et_pb_column][\/et_pb_row][\/et_pb_section][et_pb_section fb_built=&#8221;1&#8243; admin_label=&#8221;Footer&#8221; module_id=&#8221;CGV&#8221; _builder_version=&#8221;4.21.0&#8243; background_color=&#8221;rgba(0,0,0,0.85)&#8221; background_enable_image=&#8221;off&#8221; parallax=&#8221;on&#8221; custom_margin=&#8221;||||false|false&#8221; custom_padding=&#8221;0px||0px||false|false&#8221; global_module=&#8221;1106&#8243; saved_tabs=&#8221;all&#8221; global_colors_info=&#8221;{}&#8221;][et_pb_row column_structure=&#8221;1_3,1_3,1_3&#8243; _builder_version=&#8221;4.22.2&#8243; _module_preset=&#8221;default&#8221; width=&#8221;54%&#8221; module_alignment=&#8221;center&#8221; custom_margin=&#8221;||||false|false&#8221; custom_padding=&#8221;||||true|false&#8221; global_colors_info=&#8221;{}&#8221;][et_pb_column type=&#8221;1_3&#8243; _builder_version=&#8221;4.21.0&#8243; _module_preset=&#8221;default&#8221; global_colors_info=&#8221;{}&#8221;][et_pb_text admin_label=&#8221;CGV&#8221; _builder_version=&#8221;4.22.2&#8243; _module_preset=&#8221;default&#8221; transform_scale=&#8221;84%|84%&#8221; transform_scale_tablet=&#8221;84%|84%&#8221; transform_scale_phone=&#8221;84%|84%&#8221; transform_scale_last_edited=&#8221;on|desktop&#8221; transform_translate_tablet=&#8221;&#8221; transform_translate_phone=&#8221;&#8221; transform_translate_last_edited=&#8221;on|desktop&#8221; transform_rotate_tablet=&#8221;&#8221; transform_rotate_phone=&#8221;&#8221; transform_rotate_last_edited=&#8221;on|desktop&#8221; transform_skew_tablet=&#8221;&#8221; transform_skew_phone=&#8221;&#8221; transform_skew_last_edited=&#8221;on|desktop&#8221; transform_origin_tablet=&#8221;&#8221; transform_origin_phone=&#8221;&#8221; transform_origin_last_edited=&#8221;on|desktop&#8221; transform_styles_last_edited=&#8221;on|desktop&#8221; custom_padding=&#8221;||0px||false|false&#8221; transform_styles_tablet=&#8221;&#8221; transform_styles_phone=&#8221;&#8221; global_colors_info=&#8221;{}&#8221; transform_styles__hover_enabled=&#8221;on|hover&#8221; transform_scale__hover_enabled=&#8221;on|hover&#8221; transform_translate__hover_enabled=&#8221;on|desktop&#8221; transform_rotate__hover_enabled=&#8221;on|desktop&#8221; transform_skew__hover_enabled=&#8221;on|desktop&#8221; transform_origin__hover_enabled=&#8221;on|desktop&#8221; transform_scale__hover=&#8221;100%|100%&#8221;]<\/p>\n<p style=\"text-align: center;\"><a href=\"https:\/\/a-dictam.com\/es\/condiciones-generales-de-venta\/\"><span style=\"color: #999999;\">Condiciones Generales de Venta<\/span><\/a><\/p>\n<p>[\/et_pb_text][\/et_pb_column][et_pb_column type=&#8221;1_3&#8243; _builder_version=&#8221;4.21.0&#8243; _module_preset=&#8221;default&#8221; global_colors_info=&#8221;{}&#8221;][et_pb_text admin_label=&#8221;Confidentialit\u00e9&#8221; _builder_version=&#8221;4.22.2&#8243; _module_preset=&#8221;default&#8221; transform_scale=&#8221;84%|84%&#8221; transform_scale_tablet=&#8221;84%|84%&#8221; transform_scale_phone=&#8221;84%|84%&#8221; transform_scale_last_edited=&#8221;on|desktop&#8221; transform_translate_tablet=&#8221;&#8221; transform_translate_phone=&#8221;&#8221; transform_translate_last_edited=&#8221;on|desktop&#8221; transform_rotate_tablet=&#8221;&#8221; transform_rotate_phone=&#8221;&#8221; transform_rotate_last_edited=&#8221;on|desktop&#8221; transform_skew_tablet=&#8221;&#8221; transform_skew_phone=&#8221;&#8221; transform_skew_last_edited=&#8221;on|desktop&#8221; transform_origin_tablet=&#8221;&#8221; transform_origin_phone=&#8221;&#8221; transform_origin_last_edited=&#8221;on|desktop&#8221; transform_styles_last_edited=&#8221;on|desktop&#8221; custom_padding=&#8221;||0px|||&#8221; transform_styles_tablet=&#8221;&#8221; transform_styles_phone=&#8221;&#8221; global_colors_info=&#8221;{}&#8221; transform_styles__hover_enabled=&#8221;on|hover&#8221; transform_translate__hover_enabled=&#8221;on|desktop&#8221; transform_rotate__hover_enabled=&#8221;on|desktop&#8221; transform_skew__hover_enabled=&#8221;on|desktop&#8221; transform_origin__hover_enabled=&#8221;on|desktop&#8221; transform_scale__hover=&#8221;100%|100%&#8221; transform_scale__hover_enabled=&#8221;on|hover&#8221;]<\/p>\n<p style=\"text-align: center;\"><a href=\"https:\/\/a-dictam.com\/es\/politica-de-privacidad\/\"><span style=\"color: #999999;\">Pol\u00edtica de Privacidad<\/span><\/a><\/p>\n<p>[\/et_pb_text][\/et_pb_column][et_pb_column type=&#8221;1_3&#8243; _builder_version=&#8221;4.21.0&#8243; _module_preset=&#8221;default&#8221; global_colors_info=&#8221;{}&#8221;][et_pb_text admin_label=&#8221;Cookies&#8221; _builder_version=&#8221;4.22.2&#8243; _module_preset=&#8221;default&#8221; transform_scale=&#8221;84%|84%&#8221; transform_scale_tablet=&#8221;84%|84%&#8221; transform_scale_phone=&#8221;84%|84%&#8221; transform_scale_last_edited=&#8221;on|desktop&#8221; transform_translate_tablet=&#8221;&#8221; transform_translate_phone=&#8221;&#8221; transform_translate_last_edited=&#8221;on|desktop&#8221; transform_rotate_tablet=&#8221;&#8221; transform_rotate_phone=&#8221;&#8221; transform_rotate_last_edited=&#8221;on|desktop&#8221; transform_skew_tablet=&#8221;&#8221; transform_skew_phone=&#8221;&#8221; transform_skew_last_edited=&#8221;on|desktop&#8221; transform_origin_tablet=&#8221;&#8221; transform_origin_phone=&#8221;&#8221; transform_origin_last_edited=&#8221;on|desktop&#8221; transform_styles_last_edited=&#8221;on|desktop&#8221; custom_padding=&#8221;||0px|||&#8221; transform_styles_tablet=&#8221;&#8221; transform_styles_phone=&#8221;&#8221; global_colors_info=&#8221;{}&#8221; transform_styles__hover_enabled=&#8221;on|hover&#8221; transform_translate__hover_enabled=&#8221;on|desktop&#8221; transform_rotate__hover_enabled=&#8221;on|desktop&#8221; transform_skew__hover_enabled=&#8221;on|desktop&#8221; transform_origin__hover_enabled=&#8221;on|desktop&#8221; transform_scale__hover=&#8221;100%|100%&#8221; transform_scale__hover_enabled=&#8221;on|hover&#8221;]<\/p>\n<p style=\"text-align: center;\"><a href=\"https:\/\/a-dictam.com\/es\/politica-de-cookies\/\"><span style=\"color: #999999;\">Pol\u00edtica de Cookies<\/span><\/a><\/p>\n<p>[\/et_pb_text][\/et_pb_column][\/et_pb_row][\/et_pb_section]<\/p>\n","protected":false},"excerpt":{"rendered":"<p>Pol\u00edtica de Privacidad &nbsp;\u00daltima actualizaci\u00f3n: 27\/09\/2023 &nbsp; 1. Introducci\u00f3n Bienvenido a @-DICTAM Traducciones (en lo sucesivo, \u00abel Servicio\u00bb). La confidencialidad de nuestros usuarios es una prioridad absoluta para nosotros. Esta Pol\u00edtica de Privacidad explica c\u00f3mo recogemos, utilizamos y protegemos su informaci\u00f3n personal cuando utiliza nuestro Servicio.2. Informaci\u00f3n que recopilamos Podemos recopilar los siguientes tipos de [&hellip;]<\/p>\n","protected":false},"author":1,"featured_media":0,"parent":0,"menu_order":0,"comment_status":"closed","ping_status":"closed","template":"","meta":{"_et_pb_use_builder":"on","_et_pb_old_content":"","_et_gb_content_width":"","footnotes":""},"class_list":["post-1050","page","type-page","status-publish","hentry"],"yoast_head":"<!-- This site is optimized with the Yoast SEO plugin v27.4 - https:\/\/yoast.com\/product\/yoast-seo-wordpress\/ -->\n<title>Pol\u00edtica de Privacidad | @-DICTAM Traducciones<\/title>\n<meta name=\"description\" content=\"Traducciones profesionales especializadas del franc\u00e9s y del ingl\u00e9s al espa\u00f1ol. Consulte nuestra Pol\u00edtica de Privacidad.\" \/>\n<meta name=\"robots\" content=\"noindex, nofollow\" \/>\n<script type=\"application\/ld+json\" class=\"yoast-schema-graph\">{\"@context\":\"https:\\\/\\\/schema.org\",\"@graph\":[{\"@type\":\"WebPage\",\"@id\":\"https:\\\/\\\/a-dictam.com\\\/es\\\/politica-de-privacidad\\\/\",\"url\":\"https:\\\/\\\/a-dictam.com\\\/es\\\/politica-de-privacidad\\\/\",\"name\":\"Pol\u00edtica de Privacidad | @-DICTAM Traducciones\",\"isPartOf\":{\"@id\":\"https:\\\/\\\/a-dictam.com\\\/es\\\/#website\"},\"datePublished\":\"2023-09-26T11:49:31+00:00\",\"dateModified\":\"2023-09-27T12:50:33+00:00\",\"description\":\"Traducciones profesionales especializadas del franc\u00e9s y del ingl\u00e9s al espa\u00f1ol. Consulte nuestra Pol\u00edtica de Privacidad.\",\"breadcrumb\":{\"@id\":\"https:\\\/\\\/a-dictam.com\\\/es\\\/politica-de-privacidad\\\/#breadcrumb\"},\"inLanguage\":\"es-ES\",\"potentialAction\":[{\"@type\":\"ReadAction\",\"target\":[\"https:\\\/\\\/a-dictam.com\\\/es\\\/politica-de-privacidad\\\/\"]}]},{\"@type\":\"BreadcrumbList\",\"@id\":\"https:\\\/\\\/a-dictam.com\\\/es\\\/politica-de-privacidad\\\/#breadcrumb\",\"itemListElement\":[{\"@type\":\"ListItem\",\"position\":1,\"name\":\"Accueil\",\"item\":\"https:\\\/\\\/a-dictam.com\\\/es\\\/\"},{\"@type\":\"ListItem\",\"position\":2,\"name\":\"Pol\u00edtica de Privacidad\"}]},{\"@type\":\"WebSite\",\"@id\":\"https:\\\/\\\/a-dictam.com\\\/es\\\/#website\",\"url\":\"https:\\\/\\\/a-dictam.com\\\/es\\\/\",\"name\":\"@-DICTAM Traductions sp\u00e9cialis\u00e9es en espagnol\",\"description\":\"Traductores aut\u00f3nomos especializados en traducci\u00f3n al espa\u00f1ol\",\"publisher\":{\"@id\":\"https:\\\/\\\/a-dictam.com\\\/es\\\/#organization\"},\"alternateName\":\"@-DICTAM Traductions\",\"potentialAction\":[{\"@type\":\"SearchAction\",\"target\":{\"@type\":\"EntryPoint\",\"urlTemplate\":\"https:\\\/\\\/a-dictam.com\\\/es\\\/?s={search_term_string}\"},\"query-input\":{\"@type\":\"PropertyValueSpecification\",\"valueRequired\":true,\"valueName\":\"search_term_string\"}}],\"inLanguage\":\"es-ES\"},{\"@type\":\"Organization\",\"@id\":\"https:\\\/\\\/a-dictam.com\\\/es\\\/#organization\",\"name\":\"@-DICTAM Traductions sp\u00e9cialis\u00e9es en espagnol\",\"alternateName\":\"@-DICTAM Traductions\",\"url\":\"https:\\\/\\\/a-dictam.com\\\/es\\\/\",\"logo\":{\"@type\":\"ImageObject\",\"inLanguage\":\"es-ES\",\"@id\":\"https:\\\/\\\/a-dictam.com\\\/es\\\/#\\\/schema\\\/logo\\\/image\\\/\",\"url\":\"https:\\\/\\\/a-dictam.com\\\/wp-content\\\/uploads\\\/2023\\\/07\\\/favicon2-e1690809628701.png\",\"contentUrl\":\"https:\\\/\\\/a-dictam.com\\\/wp-content\\\/uploads\\\/2023\\\/07\\\/favicon2-e1690809628701.png\",\"width\":400,\"height\":400,\"caption\":\"@-DICTAM Traductions sp\u00e9cialis\u00e9es en espagnol\"},\"image\":{\"@id\":\"https:\\\/\\\/a-dictam.com\\\/es\\\/#\\\/schema\\\/logo\\\/image\\\/\"}}]}<\/script>\n<!-- \/ Yoast SEO plugin. -->","yoast_head_json":{"title":"Pol\u00edtica de Privacidad | @-DICTAM Traducciones","description":"Traducciones profesionales especializadas del franc\u00e9s y del ingl\u00e9s al espa\u00f1ol. Consulte nuestra Pol\u00edtica de Privacidad.","robots":{"index":"noindex","follow":"nofollow"},"schema":{"@context":"https:\/\/schema.org","@graph":[{"@type":"WebPage","@id":"https:\/\/a-dictam.com\/es\/politica-de-privacidad\/","url":"https:\/\/a-dictam.com\/es\/politica-de-privacidad\/","name":"Pol\u00edtica de Privacidad | @-DICTAM Traducciones","isPartOf":{"@id":"https:\/\/a-dictam.com\/es\/#website"},"datePublished":"2023-09-26T11:49:31+00:00","dateModified":"2023-09-27T12:50:33+00:00","description":"Traducciones profesionales especializadas del franc\u00e9s y del ingl\u00e9s al espa\u00f1ol. Consulte nuestra Pol\u00edtica de Privacidad.","breadcrumb":{"@id":"https:\/\/a-dictam.com\/es\/politica-de-privacidad\/#breadcrumb"},"inLanguage":"es-ES","potentialAction":[{"@type":"ReadAction","target":["https:\/\/a-dictam.com\/es\/politica-de-privacidad\/"]}]},{"@type":"BreadcrumbList","@id":"https:\/\/a-dictam.com\/es\/politica-de-privacidad\/#breadcrumb","itemListElement":[{"@type":"ListItem","position":1,"name":"Accueil","item":"https:\/\/a-dictam.com\/es\/"},{"@type":"ListItem","position":2,"name":"Pol\u00edtica de Privacidad"}]},{"@type":"WebSite","@id":"https:\/\/a-dictam.com\/es\/#website","url":"https:\/\/a-dictam.com\/es\/","name":"@-DICTAM Traductions sp\u00e9cialis\u00e9es en espagnol","description":"Traductores aut\u00f3nomos especializados en traducci\u00f3n al espa\u00f1ol","publisher":{"@id":"https:\/\/a-dictam.com\/es\/#organization"},"alternateName":"@-DICTAM Traductions","potentialAction":[{"@type":"SearchAction","target":{"@type":"EntryPoint","urlTemplate":"https:\/\/a-dictam.com\/es\/?s={search_term_string}"},"query-input":{"@type":"PropertyValueSpecification","valueRequired":true,"valueName":"search_term_string"}}],"inLanguage":"es-ES"},{"@type":"Organization","@id":"https:\/\/a-dictam.com\/es\/#organization","name":"@-DICTAM Traductions sp\u00e9cialis\u00e9es en espagnol","alternateName":"@-DICTAM Traductions","url":"https:\/\/a-dictam.com\/es\/","logo":{"@type":"ImageObject","inLanguage":"es-ES","@id":"https:\/\/a-dictam.com\/es\/#\/schema\/logo\/image\/","url":"https:\/\/a-dictam.com\/wp-content\/uploads\/2023\/07\/favicon2-e1690809628701.png","contentUrl":"https:\/\/a-dictam.com\/wp-content\/uploads\/2023\/07\/favicon2-e1690809628701.png","width":400,"height":400,"caption":"@-DICTAM Traductions sp\u00e9cialis\u00e9es en espagnol"},"image":{"@id":"https:\/\/a-dictam.com\/es\/#\/schema\/logo\/image\/"}}]}},"_links":{"self":[{"href":"https:\/\/a-dictam.com\/es\/wp-json\/wp\/v2\/pages\/1050","targetHints":{"allow":["GET"]}}],"collection":[{"href":"https:\/\/a-dictam.com\/es\/wp-json\/wp\/v2\/pages"}],"about":[{"href":"https:\/\/a-dictam.com\/es\/wp-json\/wp\/v2\/types\/page"}],"author":[{"embeddable":true,"href":"https:\/\/a-dictam.com\/es\/wp-json\/wp\/v2\/users\/1"}],"replies":[{"embeddable":true,"href":"https:\/\/a-dictam.com\/es\/wp-json\/wp\/v2\/comments?post=1050"}],"version-history":[{"count":37,"href":"https:\/\/a-dictam.com\/es\/wp-json\/wp\/v2\/pages\/1050\/revisions"}],"predecessor-version":[{"id":1248,"href":"https:\/\/a-dictam.com\/es\/wp-json\/wp\/v2\/pages\/1050\/revisions\/1248"}],"wp:attachment":[{"href":"https:\/\/a-dictam.com\/es\/wp-json\/wp\/v2\/media?parent=1050"}],"curies":[{"name":"wp","href":"https:\/\/api.w.org\/{rel}","templated":true}]}}