{"id":1040,"date":"2023-09-26T10:14:06","date_gmt":"2023-09-26T10:14:06","guid":{"rendered":"https:\/\/a-dictam.com\/politica-de-cookies\/"},"modified":"2023-09-27T14:02:02","modified_gmt":"2023-09-27T14:02:02","slug":"politica-de-cookies","status":"publish","type":"page","link":"https:\/\/a-dictam.com\/es\/politica-de-cookies\/","title":{"rendered":"Pol\u00edtica de Cookies"},"content":{"rendered":"<p>[et_pb_section fb_built=&#8221;1&#8243; _builder_version=&#8221;4.22.2&#8243; _module_preset=&#8221;default&#8221; background_enable_image=&#8221;off&#8221; background_size=&#8221;stretch&#8221; background_position=&#8221;top_center&#8221; global_module=&#8221;1249&#8243; global_colors_info=&#8221;{}&#8221;][et_pb_row _builder_version=&#8221;4.22.2&#8243; _module_preset=&#8221;default&#8221; background_color=&#8221;rgba(0,0,0,0.16)&#8221; custom_padding=&#8221;20px|20px|20px|20px|false|false&#8221; border_radii=&#8221;on|12px|12px|12px|12px&#8221; box_shadow_style=&#8221;preset2&#8243; global_colors_info=&#8221;{}&#8221;][et_pb_column type=&#8221;4_4&#8243; _builder_version=&#8221;4.22.2&#8243; _module_preset=&#8221;default&#8221; global_colors_info=&#8221;{}&#8221;][et_pb_text _builder_version=&#8221;4.22.2&#8243; _module_preset=&#8221;default&#8221; custom_padding=&#8221;0px|||||&#8221; global_colors_info=&#8221;{}&#8221;]<\/p>\n<h1 style=\"text-align: center;\"><strong>Pol\u00edtica de Cookies<\/strong><\/h1>\n<p>&nbsp;<\/p>\n<p>[\/et_pb_text][et_pb_divider color=&#8221;#000000&#8243; divider_weight=&#8221;3px&#8221; disabled_on=&#8221;off|off|off&#8221; _builder_version=&#8221;4.22.2&#8243; background_color_gradient_direction=&#8221;90deg&#8221; max_width=&#8221;100px&#8221; module_alignment=&#8221;center&#8221; height=&#8221;5px&#8221; custom_margin=&#8221;||20px|&#8221; custom_padding=&#8221;||20px|&#8221; animation_style=&#8221;roll&#8221; animation_direction=&#8221;bottom&#8221; locked=&#8221;off&#8221; global_colors_info=&#8221;{}&#8221;][\/et_pb_divider][et_pb_text _builder_version=&#8221;4.22.2&#8243; _module_preset=&#8221;default&#8221; animation_style=&#8221;slide&#8221; animation_direction=&#8221;left&#8221; hover_enabled=&#8221;0&#8243; global_colors_info=&#8221;{}&#8221; sticky_enabled=&#8221;0&#8243;]<\/p>\n<p style=\"padding-left: 40px;\"><em>\u00daltima actualizaci\u00f3n: 27\/09\/2023<\/em><\/p>\n<p>&nbsp;<\/p>\n<h2><strong>1. Introducci\u00f3n<\/strong><\/h2>\n<p style=\"padding-left: 40px;\">El objetivo de esta Pol\u00edtica de Cookies es proporcionarle informaci\u00f3n clara y detallada sobre el uso de cookies y tecnolog\u00edas similares en nuestro sitio web <a href=\"https:\/\/a-dictam.com\/es\/\"><strong>https:\/\/a-dictam.com\/es\/<\/strong><\/a> (en adelante, \u00abel Sitio\u00bb). Al acceder y utilizar nuestro Sitio, usted acepta el uso de cookies de acuerdo con la presente Pol\u00edtica. Si no est\u00e1 de acuerdo con el uso de cookies, le recomendamos que configure los ajustes de su navegador o que no utilice nuestro Sitio.<\/p>\n<p>[\/et_pb_text][et_pb_text _builder_version=&#8221;4.22.2&#8243; _module_preset=&#8221;default&#8221; custom_padding=&#8221;||0px|||&#8221; animation_style=&#8221;slide&#8221; animation_direction=&#8221;right&#8221; hover_enabled=&#8221;0&#8243; global_colors_info=&#8221;{}&#8221; sticky_enabled=&#8221;0&#8243;]<\/p>\n<h2><strong>2. \u00bfQu\u00e9 son las cookies?<\/strong><\/h2>\n<p style=\"padding-left: 40px;\">Las cookies son peque\u00f1os archivos de texto que se almacenan en su dispositivo cuando visita un sitio web. Estas cookies pueden contener informaci\u00f3n como sus preferencias de navegaci\u00f3n, historial de navegaci\u00f3n o informaci\u00f3n de conexi\u00f3n. Las cookies se utilizan para mejorar la experiencia del usuario y proporcionar informaci\u00f3n a los propietarios del sitio.<\/p>\n<p>[\/et_pb_text][et_pb_text _builder_version=&#8221;4.22.2&#8243; _module_preset=&#8221;default&#8221; custom_padding=&#8221;||0px|||&#8221; animation_style=&#8221;slide&#8221; animation_direction=&#8221;left&#8221; hover_enabled=&#8221;0&#8243; global_colors_info=&#8221;{}&#8221; sticky_enabled=&#8221;0&#8243;]<\/p>\n<h2><strong>3. Tipos de cookies que utilizamos<\/strong><\/h2>\n<p style=\"padding-left: 40px;\">En nuestro sitio, utilizamos los siguientes tipos de cookies:<\/p>\n<p style=\"padding-left: 40px;\"><strong>3.1. Cookies esenciales:<\/strong> Estas cookies son necesarias para el correcto funcionamiento del Sitio. No almacenan ninguna informaci\u00f3n personal y no pueden desactivarse a trav\u00e9s de la configuraci\u00f3n del navegador.<\/p>\n<p style=\"padding-left: 40px;\"><strong>3.2. Cookies de rendimiento:<\/strong> Estas cookies recopilan informaci\u00f3n sobre c\u00f3mo los visitantes utilizan el Sitio, como las p\u00e1ginas que visitan con m\u00e1s frecuencia o si encuentran alg\u00fan error. Esta informaci\u00f3n se utiliza para mejorar el funcionamiento del Sitio y la experiencia del usuario.<\/p>\n<p style=\"padding-left: 40px;\"><strong>3.3. Cookies funcionales:<\/strong> Estas cookies permiten que el Sitio recuerde sus preferencias y elecciones, como su idioma preferido o la regi\u00f3n en la que se encuentra. Esto facilita la personalizaci\u00f3n de su experiencia en el Sitio.<\/p>\n<p style=\"padding-left: 40px;\"><strong>3.4. Cookies de seguimiento y publicidad:<\/strong> Estas cookies se utilizan para rastrear la actividad de navegaci\u00f3n de los usuarios en el Sitio y en otros sitios web, con el fin de mostrar anuncios personalizados. Tambi\u00e9n pueden ser utilizadas por terceros, como redes publicitarias, para mostrar anuncios relevantes basados en los intereses del usuario.<\/p>\n<p>[\/et_pb_text][et_pb_text _builder_version=&#8221;4.22.2&#8243; _module_preset=&#8221;default&#8221; custom_padding=&#8221;||0px|||&#8221; animation_style=&#8221;slide&#8221; animation_direction=&#8221;right&#8221; global_colors_info=&#8221;{}&#8221;]<\/p>\n<h2><strong>4. Consentimiento<\/strong><\/h2>\n<p style=\"padding-left: 40px;\">Al acceder a nuestro Sitio, usted acepta el uso de cookies de conformidad con la presente Pol\u00edtica. Si no est\u00e1 de acuerdo con el uso de cookies, puede ajustar la configuraci\u00f3n de su navegador para desactivar las cookies o elegir no utilizar nuestro Sitio. No obstante, tenga en cuenta que desactivar determinadas cookies puede afectar a la funcionalidad del Sitio y a su experiencia como usuario.<\/p>\n<p>[\/et_pb_text][et_pb_text _builder_version=&#8221;4.22.2&#8243; _module_preset=&#8221;default&#8221; custom_padding=&#8221;||0px|||&#8221; animation_style=&#8221;slide&#8221; animation_direction=&#8221;left&#8221; hover_enabled=&#8221;0&#8243; global_colors_info=&#8221;{}&#8221; sticky_enabled=&#8221;0&#8243;]<\/p>\n<h2><strong>5. Configuraci\u00f3n de cookies<\/strong><\/h2>\n<p style=\"margin: 0cm 0cm 0.0001pt; vertical-align: baseline; padding-left: 40px;\">Puede gestionar las cookies a trav\u00e9s de la configuraci\u00f3n de su navegador. Para m\u00e1s informaci\u00f3n sobre estas opciones, consulte las instrucciones de la secci\u00f3n Ayuda de su navegador.<\/p>\n<p>[\/et_pb_text][et_pb_text _builder_version=&#8221;4.22.2&#8243; _module_preset=&#8221;default&#8221; custom_padding=&#8221;||0px|||&#8221; animation_style=&#8221;slide&#8221; animation_direction=&#8221;right&#8221; hover_enabled=&#8221;0&#8243; global_colors_info=&#8221;{}&#8221; sticky_enabled=&#8221;0&#8243;]<\/p>\n<h2><strong>6. Cambios en la pol\u00edtica de cookies<\/strong><\/h2>\n<p style=\"padding-left: 40px;\">Nos reservamos el derecho de actualizar o modificar esta Pol\u00edtica de Cookies en cualquier momento. Cualquier cambio significativo se notificar\u00e1 a trav\u00e9s del Sitio o por otros medios apropiados. Le recomendamos que consulte esta Pol\u00edtica con regularidad para mantenerse informado de c\u00f3mo utilizamos las cookies.<\/p>\n<p>[\/et_pb_text][et_pb_text _builder_version=&#8221;4.22.2&#8243; _module_preset=&#8221;default&#8221; custom_padding=&#8221;||0px|||&#8221; animation_style=&#8221;slide&#8221; animation_direction=&#8221;left&#8221; hover_enabled=&#8221;0&#8243; global_colors_info=&#8221;{}&#8221; sticky_enabled=&#8221;0&#8243;]<\/p>\n<h2><strong>7. Contacto<\/strong><\/h2>\n<p style=\"padding-left: 40px;\">Si tiene alguna pregunta o duda sobre esta Pol\u00edtica de Cookies, no dude en ponerse en contacto con nosotros: <a href=\"mailto:informa@a-dictam.com\">informa@a-dictam.com<\/a>.<\/p>\n<p>[\/et_pb_text][et_pb_text _builder_version=&#8221;4.22.2&#8243; _module_preset=&#8221;default&#8221; custom_padding=&#8221;||0px|||&#8221; animation_style=&#8221;slide&#8221; animation_direction=&#8221;bottom&#8221; hover_enabled=&#8221;0&#8243; global_colors_info=&#8221;{}&#8221; sticky_enabled=&#8221;0&#8243;]<\/p>\n<p style=\"padding-left: 40px;\">Esta Pol\u00edtica de Cookies est\u00e1 sujeta a cambios y actualizaciones, por lo que le recomendamos que la revise peri\u00f3dicamente para estar informado de los cambios.<\/p>\n<p>[\/et_pb_text][\/et_pb_column][\/et_pb_row][\/et_pb_section][et_pb_section fb_built=&#8221;1&#8243; admin_label=&#8221;Footer&#8221; module_id=&#8221;CGV&#8221; _builder_version=&#8221;4.21.0&#8243; background_color=&#8221;rgba(0,0,0,0.85)&#8221; background_enable_image=&#8221;off&#8221; parallax=&#8221;on&#8221; custom_margin=&#8221;||||false|false&#8221; custom_padding=&#8221;0px||0px||false|false&#8221; global_module=&#8221;1106&#8243; saved_tabs=&#8221;all&#8221; global_colors_info=&#8221;{}&#8221;][et_pb_row column_structure=&#8221;1_3,1_3,1_3&#8243; _builder_version=&#8221;4.22.2&#8243; _module_preset=&#8221;default&#8221; width=&#8221;54%&#8221; module_alignment=&#8221;center&#8221; custom_margin=&#8221;||||false|false&#8221; custom_padding=&#8221;||||true|false&#8221; global_colors_info=&#8221;{}&#8221;][et_pb_column type=&#8221;1_3&#8243; _builder_version=&#8221;4.21.0&#8243; _module_preset=&#8221;default&#8221; global_colors_info=&#8221;{}&#8221;][et_pb_text admin_label=&#8221;CGV&#8221; _builder_version=&#8221;4.22.2&#8243; _module_preset=&#8221;default&#8221; transform_scale=&#8221;84%|84%&#8221; transform_scale_tablet=&#8221;84%|84%&#8221; transform_scale_phone=&#8221;84%|84%&#8221; transform_scale_last_edited=&#8221;on|desktop&#8221; transform_translate_tablet=&#8221;&#8221; transform_translate_phone=&#8221;&#8221; transform_translate_last_edited=&#8221;on|desktop&#8221; transform_rotate_tablet=&#8221;&#8221; transform_rotate_phone=&#8221;&#8221; transform_rotate_last_edited=&#8221;on|desktop&#8221; transform_skew_tablet=&#8221;&#8221; transform_skew_phone=&#8221;&#8221; transform_skew_last_edited=&#8221;on|desktop&#8221; transform_origin_tablet=&#8221;&#8221; transform_origin_phone=&#8221;&#8221; transform_origin_last_edited=&#8221;on|desktop&#8221; transform_styles_last_edited=&#8221;on|desktop&#8221; custom_padding=&#8221;||0px||false|false&#8221; transform_styles_tablet=&#8221;&#8221; transform_styles_phone=&#8221;&#8221; global_colors_info=&#8221;{}&#8221; transform_styles__hover_enabled=&#8221;on|hover&#8221; transform_scale__hover_enabled=&#8221;on|hover&#8221; transform_translate__hover_enabled=&#8221;on|desktop&#8221; transform_rotate__hover_enabled=&#8221;on|desktop&#8221; transform_skew__hover_enabled=&#8221;on|desktop&#8221; transform_origin__hover_enabled=&#8221;on|desktop&#8221; transform_scale__hover=&#8221;100%|100%&#8221;]<\/p>\n<p style=\"text-align: center;\"><a href=\"https:\/\/a-dictam.com\/es\/condiciones-generales-de-venta\/\"><span style=\"color: #999999;\">Condiciones Generales de Venta<\/span><\/a><\/p>\n<p>[\/et_pb_text][\/et_pb_column][et_pb_column type=&#8221;1_3&#8243; _builder_version=&#8221;4.21.0&#8243; _module_preset=&#8221;default&#8221; global_colors_info=&#8221;{}&#8221;][et_pb_text admin_label=&#8221;Confidentialit\u00e9&#8221; _builder_version=&#8221;4.22.2&#8243; _module_preset=&#8221;default&#8221; transform_scale=&#8221;84%|84%&#8221; transform_scale_tablet=&#8221;84%|84%&#8221; transform_scale_phone=&#8221;84%|84%&#8221; transform_scale_last_edited=&#8221;on|desktop&#8221; transform_translate_tablet=&#8221;&#8221; transform_translate_phone=&#8221;&#8221; transform_translate_last_edited=&#8221;on|desktop&#8221; transform_rotate_tablet=&#8221;&#8221; transform_rotate_phone=&#8221;&#8221; transform_rotate_last_edited=&#8221;on|desktop&#8221; transform_skew_tablet=&#8221;&#8221; transform_skew_phone=&#8221;&#8221; transform_skew_last_edited=&#8221;on|desktop&#8221; transform_origin_tablet=&#8221;&#8221; transform_origin_phone=&#8221;&#8221; transform_origin_last_edited=&#8221;on|desktop&#8221; transform_styles_last_edited=&#8221;on|desktop&#8221; custom_padding=&#8221;||0px|||&#8221; transform_styles_tablet=&#8221;&#8221; transform_styles_phone=&#8221;&#8221; global_colors_info=&#8221;{}&#8221; transform_styles__hover_enabled=&#8221;on|hover&#8221; transform_translate__hover_enabled=&#8221;on|desktop&#8221; transform_rotate__hover_enabled=&#8221;on|desktop&#8221; transform_skew__hover_enabled=&#8221;on|desktop&#8221; transform_origin__hover_enabled=&#8221;on|desktop&#8221; transform_scale__hover=&#8221;100%|100%&#8221; transform_scale__hover_enabled=&#8221;on|hover&#8221;]<\/p>\n<p style=\"text-align: center;\"><a href=\"https:\/\/a-dictam.com\/es\/politica-de-privacidad\/\"><span style=\"color: #999999;\">Pol\u00edtica de Privacidad<\/span><\/a><\/p>\n<p>[\/et_pb_text][\/et_pb_column][et_pb_column type=&#8221;1_3&#8243; _builder_version=&#8221;4.21.0&#8243; _module_preset=&#8221;default&#8221; global_colors_info=&#8221;{}&#8221;][et_pb_text admin_label=&#8221;Cookies&#8221; _builder_version=&#8221;4.22.2&#8243; _module_preset=&#8221;default&#8221; transform_scale=&#8221;84%|84%&#8221; transform_scale_tablet=&#8221;84%|84%&#8221; transform_scale_phone=&#8221;84%|84%&#8221; transform_scale_last_edited=&#8221;on|desktop&#8221; transform_translate_tablet=&#8221;&#8221; transform_translate_phone=&#8221;&#8221; transform_translate_last_edited=&#8221;on|desktop&#8221; transform_rotate_tablet=&#8221;&#8221; transform_rotate_phone=&#8221;&#8221; transform_rotate_last_edited=&#8221;on|desktop&#8221; transform_skew_tablet=&#8221;&#8221; transform_skew_phone=&#8221;&#8221; transform_skew_last_edited=&#8221;on|desktop&#8221; transform_origin_tablet=&#8221;&#8221; transform_origin_phone=&#8221;&#8221; transform_origin_last_edited=&#8221;on|desktop&#8221; transform_styles_last_edited=&#8221;on|desktop&#8221; custom_padding=&#8221;||0px|||&#8221; transform_styles_tablet=&#8221;&#8221; transform_styles_phone=&#8221;&#8221; global_colors_info=&#8221;{}&#8221; transform_styles__hover_enabled=&#8221;on|hover&#8221; transform_translate__hover_enabled=&#8221;on|desktop&#8221; transform_rotate__hover_enabled=&#8221;on|desktop&#8221; transform_skew__hover_enabled=&#8221;on|desktop&#8221; transform_origin__hover_enabled=&#8221;on|desktop&#8221; transform_scale__hover=&#8221;100%|100%&#8221; transform_scale__hover_enabled=&#8221;on|hover&#8221;]<\/p>\n<p style=\"text-align: center;\"><a href=\"https:\/\/a-dictam.com\/es\/politica-de-cookies\/\"><span style=\"color: #999999;\">Pol\u00edtica de Cookies<\/span><\/a><\/p>\n<p>[\/et_pb_text][\/et_pb_column][\/et_pb_row][\/et_pb_section]<\/p>\n","protected":false},"excerpt":{"rendered":"<p>Pol\u00edtica de Cookies &nbsp;\u00daltima actualizaci\u00f3n: 27\/09\/2023 &nbsp; 1. Introducci\u00f3n El objetivo de esta Pol\u00edtica de Cookies es proporcionarle informaci\u00f3n clara y detallada sobre el uso de cookies y tecnolog\u00edas similares en nuestro sitio web https:\/\/a-dictam.com\/es\/ (en adelante, \u00abel Sitio\u00bb). Al acceder y utilizar nuestro Sitio, usted acepta el uso de cookies de acuerdo con la [&hellip;]<\/p>\n","protected":false},"author":1,"featured_media":0,"parent":0,"menu_order":0,"comment_status":"closed","ping_status":"closed","template":"","meta":{"_et_pb_use_builder":"on","_et_pb_old_content":"","_et_gb_content_width":"","footnotes":""},"class_list":["post-1040","page","type-page","status-publish","hentry"],"yoast_head":"<!-- This site is optimized with the Yoast SEO plugin v27.4 - https:\/\/yoast.com\/product\/yoast-seo-wordpress\/ -->\n<title>Pol\u00edtica de Cookies | @-DICTAM Traducciones<\/title>\n<meta name=\"description\" content=\"Traducciones profesionales especializadas del franc\u00e9s y del ingl\u00e9s al espa\u00f1ol. Consulte nuestra Pol\u00edtica de Cookies.\" \/>\n<meta name=\"robots\" content=\"noindex, nofollow\" \/>\n<script type=\"application\/ld+json\" class=\"yoast-schema-graph\">{\"@context\":\"https:\\\/\\\/schema.org\",\"@graph\":[{\"@type\":\"WebPage\",\"@id\":\"https:\\\/\\\/a-dictam.com\\\/es\\\/politica-de-cookies\\\/\",\"url\":\"https:\\\/\\\/a-dictam.com\\\/es\\\/politica-de-cookies\\\/\",\"name\":\"Pol\u00edtica de Cookies | @-DICTAM Traducciones\",\"isPartOf\":{\"@id\":\"https:\\\/\\\/a-dictam.com\\\/es\\\/#website\"},\"datePublished\":\"2023-09-26T10:14:06+00:00\",\"dateModified\":\"2023-09-27T14:02:02+00:00\",\"description\":\"Traducciones profesionales especializadas del franc\u00e9s y del ingl\u00e9s al espa\u00f1ol. Consulte nuestra Pol\u00edtica de Cookies.\",\"breadcrumb\":{\"@id\":\"https:\\\/\\\/a-dictam.com\\\/es\\\/politica-de-cookies\\\/#breadcrumb\"},\"inLanguage\":\"es-ES\",\"potentialAction\":[{\"@type\":\"ReadAction\",\"target\":[\"https:\\\/\\\/a-dictam.com\\\/es\\\/politica-de-cookies\\\/\"]}]},{\"@type\":\"BreadcrumbList\",\"@id\":\"https:\\\/\\\/a-dictam.com\\\/es\\\/politica-de-cookies\\\/#breadcrumb\",\"itemListElement\":[{\"@type\":\"ListItem\",\"position\":1,\"name\":\"Accueil\",\"item\":\"https:\\\/\\\/a-dictam.com\\\/es\\\/\"},{\"@type\":\"ListItem\",\"position\":2,\"name\":\"Pol\u00edtica de Cookies\"}]},{\"@type\":\"WebSite\",\"@id\":\"https:\\\/\\\/a-dictam.com\\\/es\\\/#website\",\"url\":\"https:\\\/\\\/a-dictam.com\\\/es\\\/\",\"name\":\"@-DICTAM Traductions sp\u00e9cialis\u00e9es en espagnol\",\"description\":\"Traductores aut\u00f3nomos especializados en traducci\u00f3n al espa\u00f1ol\",\"publisher\":{\"@id\":\"https:\\\/\\\/a-dictam.com\\\/es\\\/#organization\"},\"alternateName\":\"@-DICTAM Traductions\",\"potentialAction\":[{\"@type\":\"SearchAction\",\"target\":{\"@type\":\"EntryPoint\",\"urlTemplate\":\"https:\\\/\\\/a-dictam.com\\\/es\\\/?s={search_term_string}\"},\"query-input\":{\"@type\":\"PropertyValueSpecification\",\"valueRequired\":true,\"valueName\":\"search_term_string\"}}],\"inLanguage\":\"es-ES\"},{\"@type\":\"Organization\",\"@id\":\"https:\\\/\\\/a-dictam.com\\\/es\\\/#organization\",\"name\":\"@-DICTAM Traductions sp\u00e9cialis\u00e9es en espagnol\",\"alternateName\":\"@-DICTAM Traductions\",\"url\":\"https:\\\/\\\/a-dictam.com\\\/es\\\/\",\"logo\":{\"@type\":\"ImageObject\",\"inLanguage\":\"es-ES\",\"@id\":\"https:\\\/\\\/a-dictam.com\\\/es\\\/#\\\/schema\\\/logo\\\/image\\\/\",\"url\":\"https:\\\/\\\/a-dictam.com\\\/wp-content\\\/uploads\\\/2023\\\/07\\\/favicon2-e1690809628701.png\",\"contentUrl\":\"https:\\\/\\\/a-dictam.com\\\/wp-content\\\/uploads\\\/2023\\\/07\\\/favicon2-e1690809628701.png\",\"width\":400,\"height\":400,\"caption\":\"@-DICTAM Traductions sp\u00e9cialis\u00e9es en espagnol\"},\"image\":{\"@id\":\"https:\\\/\\\/a-dictam.com\\\/es\\\/#\\\/schema\\\/logo\\\/image\\\/\"}}]}<\/script>\n<!-- \/ Yoast SEO plugin. -->","yoast_head_json":{"title":"Pol\u00edtica de Cookies | @-DICTAM Traducciones","description":"Traducciones profesionales especializadas del franc\u00e9s y del ingl\u00e9s al espa\u00f1ol. Consulte nuestra Pol\u00edtica de Cookies.","robots":{"index":"noindex","follow":"nofollow"},"schema":{"@context":"https:\/\/schema.org","@graph":[{"@type":"WebPage","@id":"https:\/\/a-dictam.com\/es\/politica-de-cookies\/","url":"https:\/\/a-dictam.com\/es\/politica-de-cookies\/","name":"Pol\u00edtica de Cookies | @-DICTAM Traducciones","isPartOf":{"@id":"https:\/\/a-dictam.com\/es\/#website"},"datePublished":"2023-09-26T10:14:06+00:00","dateModified":"2023-09-27T14:02:02+00:00","description":"Traducciones profesionales especializadas del franc\u00e9s y del ingl\u00e9s al espa\u00f1ol. Consulte nuestra Pol\u00edtica de Cookies.","breadcrumb":{"@id":"https:\/\/a-dictam.com\/es\/politica-de-cookies\/#breadcrumb"},"inLanguage":"es-ES","potentialAction":[{"@type":"ReadAction","target":["https:\/\/a-dictam.com\/es\/politica-de-cookies\/"]}]},{"@type":"BreadcrumbList","@id":"https:\/\/a-dictam.com\/es\/politica-de-cookies\/#breadcrumb","itemListElement":[{"@type":"ListItem","position":1,"name":"Accueil","item":"https:\/\/a-dictam.com\/es\/"},{"@type":"ListItem","position":2,"name":"Pol\u00edtica de Cookies"}]},{"@type":"WebSite","@id":"https:\/\/a-dictam.com\/es\/#website","url":"https:\/\/a-dictam.com\/es\/","name":"@-DICTAM Traductions sp\u00e9cialis\u00e9es en espagnol","description":"Traductores aut\u00f3nomos especializados en traducci\u00f3n al espa\u00f1ol","publisher":{"@id":"https:\/\/a-dictam.com\/es\/#organization"},"alternateName":"@-DICTAM Traductions","potentialAction":[{"@type":"SearchAction","target":{"@type":"EntryPoint","urlTemplate":"https:\/\/a-dictam.com\/es\/?s={search_term_string}"},"query-input":{"@type":"PropertyValueSpecification","valueRequired":true,"valueName":"search_term_string"}}],"inLanguage":"es-ES"},{"@type":"Organization","@id":"https:\/\/a-dictam.com\/es\/#organization","name":"@-DICTAM Traductions sp\u00e9cialis\u00e9es en espagnol","alternateName":"@-DICTAM Traductions","url":"https:\/\/a-dictam.com\/es\/","logo":{"@type":"ImageObject","inLanguage":"es-ES","@id":"https:\/\/a-dictam.com\/es\/#\/schema\/logo\/image\/","url":"https:\/\/a-dictam.com\/wp-content\/uploads\/2023\/07\/favicon2-e1690809628701.png","contentUrl":"https:\/\/a-dictam.com\/wp-content\/uploads\/2023\/07\/favicon2-e1690809628701.png","width":400,"height":400,"caption":"@-DICTAM Traductions sp\u00e9cialis\u00e9es en espagnol"},"image":{"@id":"https:\/\/a-dictam.com\/es\/#\/schema\/logo\/image\/"}}]}},"_links":{"self":[{"href":"https:\/\/a-dictam.com\/es\/wp-json\/wp\/v2\/pages\/1040","targetHints":{"allow":["GET"]}}],"collection":[{"href":"https:\/\/a-dictam.com\/es\/wp-json\/wp\/v2\/pages"}],"about":[{"href":"https:\/\/a-dictam.com\/es\/wp-json\/wp\/v2\/types\/page"}],"author":[{"embeddable":true,"href":"https:\/\/a-dictam.com\/es\/wp-json\/wp\/v2\/users\/1"}],"replies":[{"embeddable":true,"href":"https:\/\/a-dictam.com\/es\/wp-json\/wp\/v2\/comments?post=1040"}],"version-history":[{"count":10,"href":"https:\/\/a-dictam.com\/es\/wp-json\/wp\/v2\/pages\/1040\/revisions"}],"predecessor-version":[{"id":1280,"href":"https:\/\/a-dictam.com\/es\/wp-json\/wp\/v2\/pages\/1040\/revisions\/1280"}],"wp:attachment":[{"href":"https:\/\/a-dictam.com\/es\/wp-json\/wp\/v2\/media?parent=1040"}],"curies":[{"name":"wp","href":"https:\/\/api.w.org\/{rel}","templated":true}]}}